{"id":123492,"date":"2022-01-11T17:46:21","date_gmt":"2022-01-11T16:46:23","guid":{"rendered":"https:\/\/oldfastpointweb.soporteserver.com\/?post_type=product&#038;p=150981"},"modified":"2022-01-13T15:21:31","modified_gmt":"2022-01-13T14:21:31","slug":"separador-cilindrico-di-100","status":"publish","type":"product","link":"https:\/\/newfast.soporteserver.com\/?product=separador-cilindrico-di-100","title":{"rendered":"Separador cil\u00edndrico DI 4,2 DE 10,0"},"content":{"rendered":"<p>Gran variedad de separadores \/ casquillos cil\u00edndricos fabricados en Nylon 6<\/p>\n<p>C\u00f3mo elegir su pieza id\u00f3nea:<\/p>\n<ul>\n<li>Columna \u00abA\u00bb Di\u00e1metro Externo del cilindro<\/li>\n<li>Columna \u00abB\u00bb Di\u00e1metro Interno del cilindro<\/li>\n<li>Columna \u00abC\u00bb Largo de la pieza, dentro del rango indicado disponible en incrementos de 1.0 mm<\/li>\n<\/ul>\n<p>Disponible tambi\u00e9n en Poliestireno &#8211; Color Blanco &#8211; Indicar en el c\u00f3digo DA en vez de BB<\/p>\n","protected":false},"excerpt":{"rendered":"<p>Gran variedad de separadores \/ casquillos cil\u00edndricos fabricados en Nylon 6 C\u00f3mo elegir su pieza id\u00f3nea: Columna \u00abA\u00bb Di\u00e1metro Externo del cilindro Columna \u00abB\u00bb Di\u00e1metro Interno del cilindro Columna \u00abC\u00bb Largo de la pieza, dentro del rango indicado disponible en incrementos de 1.0 mm Disponible tambi\u00e9n en Poliestireno &#8211; Color Blanco &#8211; Indicar en el [&hellip;]<\/p>\n","protected":false},"featured_media":71750,"comment_status":"closed","ping_status":"closed","template":"","meta":[],"product_brand":[],"product_cat":[3977],"product_tag":[],"class_list":{"0":"post-123492","1":"product","2":"type-product","3":"status-publish","4":"has-post-thumbnail","6":"product_cat-separadores-cilindricos-rosca-metrica","8":"first","9":"instock","10":"product-type-grouped"},"yoast_head":"<!-- This site is optimized with the Yoast SEO Premium plugin v26.1 (Yoast SEO v26.8) - https:\/\/yoast.com\/product\/yoast-seo-premium-wordpress\/ -->\n<title>Separador cil\u00edndrico DI 4,2 DE 10,0 | Fastpoint Components<\/title>\n<meta name=\"robots\" content=\"index, follow, max-snippet:-1, max-image-preview:large, max-video-preview:-1\" \/>\n<link rel=\"canonical\" href=\"https:\/\/newfast.soporteserver.com\/?product=separador-cilindrico-di-100\" \/>\n<meta property=\"og:locale\" content=\"es_ES\" \/>\n<meta property=\"og:type\" content=\"article\" \/>\n<meta property=\"og:title\" content=\"Separador cil\u00edndrico DI 4,2 DE 10,0\" \/>\n<meta property=\"og:description\" content=\"Gran variedad de separadores \/ casquillos cil\u00edndricos fabricados en Nylon 6 C\u00f3mo elegir su pieza id\u00f3nea: Columna \u00abA\u00bb Di\u00e1metro Externo del cilindro Columna \u00abB\u00bb Di\u00e1metro Interno del cilindro Columna \u00abC\u00bb Largo de la pieza, dentro del rango indicado disponible en incrementos de 1.0 mm Disponible tambi\u00e9n en Poliestireno &#8211; Color Blanco &#8211; Indicar en el [&hellip;]\" \/>\n<meta property=\"og:url\" content=\"https:\/\/newfast.soporteserver.com\/?product=separador-cilindrico-di-100\" \/>\n<meta property=\"og:site_name\" content=\"Fastpoint Components\" \/>\n<meta property=\"article:modified_time\" content=\"2022-01-13T14:21:31+00:00\" \/>\n<meta property=\"og:image\" content=\"https:\/\/newfast.soporteserver.com\/wp-content\/uploads\/2018\/01\/10054-126.png\" \/>\n\t<meta property=\"og:image:width\" content=\"422\" \/>\n\t<meta property=\"og:image:height\" content=\"420\" \/>\n\t<meta property=\"og:image:type\" content=\"image\/png\" \/>\n<meta name=\"twitter:card\" content=\"summary_large_image\" \/>\n<script type=\"application\/ld+json\" class=\"yoast-schema-graph\">{\"@context\":\"https:\/\/schema.org\",\"@graph\":[{\"@type\":\"WebPage\",\"@id\":\"https:\/\/newfast.soporteserver.com\/?product=separador-cilindrico-di-100\",\"url\":\"https:\/\/newfast.soporteserver.com\/?product=separador-cilindrico-di-100\",\"name\":\"Separador cil\u00edndrico DI 4,2 DE 10,0 | Fastpoint Components\",\"isPartOf\":{\"@id\":\"https:\/\/newfast.soporteserver.com\/#website\"},\"primaryImageOfPage\":{\"@id\":\"https:\/\/newfast.soporteserver.com\/?product=separador-cilindrico-di-100#primaryimage\"},\"image\":{\"@id\":\"https:\/\/newfast.soporteserver.com\/?product=separador-cilindrico-di-100#primaryimage\"},\"thumbnailUrl\":\"https:\/\/newfast.soporteserver.com\/wp-content\/uploads\/2018\/01\/10054-126.png\",\"datePublished\":\"2022-01-11T16:46:23+00:00\",\"dateModified\":\"2022-01-13T14:21:31+00:00\",\"breadcrumb\":{\"@id\":\"https:\/\/newfast.soporteserver.com\/?product=separador-cilindrico-di-100#breadcrumb\"},\"inLanguage\":\"es\",\"potentialAction\":[{\"@type\":\"ReadAction\",\"target\":[\"https:\/\/newfast.soporteserver.com\/?product=separador-cilindrico-di-100\"]}]},{\"@type\":\"ImageObject\",\"inLanguage\":\"es\",\"@id\":\"https:\/\/newfast.soporteserver.com\/?product=separador-cilindrico-di-100#primaryimage\",\"url\":\"https:\/\/newfast.soporteserver.com\/wp-content\/uploads\/2018\/01\/10054-126.png\",\"contentUrl\":\"https:\/\/newfast.soporteserver.com\/wp-content\/uploads\/2018\/01\/10054-126.png\",\"width\":422,\"height\":420},{\"@type\":\"BreadcrumbList\",\"@id\":\"https:\/\/newfast.soporteserver.com\/?product=separador-cilindrico-di-100#breadcrumb\",\"itemListElement\":[{\"@type\":\"ListItem\",\"position\":1,\"name\":\"Portada\",\"item\":\"https:\/\/newfast.soporteserver.com\/\"},{\"@type\":\"ListItem\",\"position\":2,\"name\":\"Cat\u00e1logo\",\"item\":\"https:\/\/newfast.soporteserver.com\/?page_id=6\"},{\"@type\":\"ListItem\",\"position\":3,\"name\":\"Separador cil\u00edndrico DI 4,2 DE 10,0\"}]},{\"@type\":\"WebSite\",\"@id\":\"https:\/\/newfast.soporteserver.com\/#website\",\"url\":\"https:\/\/newfast.soporteserver.com\/\",\"name\":\"Fastpoint Components\",\"description\":\"Fijaci\u00f3n y sujeci\u00f3n Industrial\",\"publisher\":{\"@id\":\"https:\/\/newfast.soporteserver.com\/#organization\"},\"alternateName\":\"Fijaci\u00f3n y sujeci\u00f3n Industrial\",\"potentialAction\":[{\"@type\":\"SearchAction\",\"target\":{\"@type\":\"EntryPoint\",\"urlTemplate\":\"https:\/\/newfast.soporteserver.com\/?s={search_term_string}\"},\"query-input\":{\"@type\":\"PropertyValueSpecification\",\"valueRequired\":true,\"valueName\":\"search_term_string\"}}],\"inLanguage\":\"es\"},{\"@type\":\"Organization\",\"@id\":\"https:\/\/newfast.soporteserver.com\/#organization\",\"name\":\"FastPoint Components\",\"alternateName\":\"Fijaci\u00f3n y sujeci\u00f3n industrial\",\"url\":\"https:\/\/newfast.soporteserver.com\/\",\"logo\":{\"@type\":\"ImageObject\",\"inLanguage\":\"es\",\"@id\":\"https:\/\/newfast.soporteserver.com\/#\/schema\/logo\/image\/\",\"url\":\"https:\/\/newfast.soporteserver.com\/wp-content\/uploads\/2025\/10\/logo_fastpoint.webp\",\"contentUrl\":\"https:\/\/newfast.soporteserver.com\/wp-content\/uploads\/2025\/10\/logo_fastpoint.webp\",\"width\":223,\"height\":223,\"caption\":\"FastPoint Components\"},\"image\":{\"@id\":\"https:\/\/newfast.soporteserver.com\/#\/schema\/logo\/image\/\"}}]}<\/script>\n<!-- \/ Yoast SEO Premium plugin. -->","yoast_head_json":{"title":"Separador cil\u00edndrico DI 4,2 DE 10,0 | Fastpoint Components","robots":{"index":"index","follow":"follow","max-snippet":"max-snippet:-1","max-image-preview":"max-image-preview:large","max-video-preview":"max-video-preview:-1"},"canonical":"https:\/\/newfast.soporteserver.com\/?product=separador-cilindrico-di-100","og_locale":"es_ES","og_type":"article","og_title":"Separador cil\u00edndrico DI 4,2 DE 10,0","og_description":"Gran variedad de separadores \/ casquillos cil\u00edndricos fabricados en Nylon 6 C\u00f3mo elegir su pieza id\u00f3nea: Columna \u00abA\u00bb Di\u00e1metro Externo del cilindro Columna \u00abB\u00bb Di\u00e1metro Interno del cilindro Columna \u00abC\u00bb Largo de la pieza, dentro del rango indicado disponible en incrementos de 1.0 mm Disponible tambi\u00e9n en Poliestireno &#8211; Color Blanco &#8211; Indicar en el [&hellip;]","og_url":"https:\/\/newfast.soporteserver.com\/?product=separador-cilindrico-di-100","og_site_name":"Fastpoint Components","article_modified_time":"2022-01-13T14:21:31+00:00","og_image":[{"width":422,"height":420,"url":"https:\/\/newfast.soporteserver.com\/wp-content\/uploads\/2018\/01\/10054-126.png","type":"image\/png"}],"twitter_card":"summary_large_image","schema":{"@context":"https:\/\/schema.org","@graph":[{"@type":"WebPage","@id":"https:\/\/newfast.soporteserver.com\/?product=separador-cilindrico-di-100","url":"https:\/\/newfast.soporteserver.com\/?product=separador-cilindrico-di-100","name":"Separador cil\u00edndrico DI 4,2 DE 10,0 | Fastpoint Components","isPartOf":{"@id":"https:\/\/newfast.soporteserver.com\/#website"},"primaryImageOfPage":{"@id":"https:\/\/newfast.soporteserver.com\/?product=separador-cilindrico-di-100#primaryimage"},"image":{"@id":"https:\/\/newfast.soporteserver.com\/?product=separador-cilindrico-di-100#primaryimage"},"thumbnailUrl":"https:\/\/newfast.soporteserver.com\/wp-content\/uploads\/2018\/01\/10054-126.png","datePublished":"2022-01-11T16:46:23+00:00","dateModified":"2022-01-13T14:21:31+00:00","breadcrumb":{"@id":"https:\/\/newfast.soporteserver.com\/?product=separador-cilindrico-di-100#breadcrumb"},"inLanguage":"es","potentialAction":[{"@type":"ReadAction","target":["https:\/\/newfast.soporteserver.com\/?product=separador-cilindrico-di-100"]}]},{"@type":"ImageObject","inLanguage":"es","@id":"https:\/\/newfast.soporteserver.com\/?product=separador-cilindrico-di-100#primaryimage","url":"https:\/\/newfast.soporteserver.com\/wp-content\/uploads\/2018\/01\/10054-126.png","contentUrl":"https:\/\/newfast.soporteserver.com\/wp-content\/uploads\/2018\/01\/10054-126.png","width":422,"height":420},{"@type":"BreadcrumbList","@id":"https:\/\/newfast.soporteserver.com\/?product=separador-cilindrico-di-100#breadcrumb","itemListElement":[{"@type":"ListItem","position":1,"name":"Portada","item":"https:\/\/newfast.soporteserver.com\/"},{"@type":"ListItem","position":2,"name":"Cat\u00e1logo","item":"https:\/\/newfast.soporteserver.com\/?page_id=6"},{"@type":"ListItem","position":3,"name":"Separador cil\u00edndrico DI 4,2 DE 10,0"}]},{"@type":"WebSite","@id":"https:\/\/newfast.soporteserver.com\/#website","url":"https:\/\/newfast.soporteserver.com\/","name":"Fastpoint Components","description":"Fijaci\u00f3n y sujeci\u00f3n Industrial","publisher":{"@id":"https:\/\/newfast.soporteserver.com\/#organization"},"alternateName":"Fijaci\u00f3n y sujeci\u00f3n Industrial","potentialAction":[{"@type":"SearchAction","target":{"@type":"EntryPoint","urlTemplate":"https:\/\/newfast.soporteserver.com\/?s={search_term_string}"},"query-input":{"@type":"PropertyValueSpecification","valueRequired":true,"valueName":"search_term_string"}}],"inLanguage":"es"},{"@type":"Organization","@id":"https:\/\/newfast.soporteserver.com\/#organization","name":"FastPoint Components","alternateName":"Fijaci\u00f3n y sujeci\u00f3n industrial","url":"https:\/\/newfast.soporteserver.com\/","logo":{"@type":"ImageObject","inLanguage":"es","@id":"https:\/\/newfast.soporteserver.com\/#\/schema\/logo\/image\/","url":"https:\/\/newfast.soporteserver.com\/wp-content\/uploads\/2025\/10\/logo_fastpoint.webp","contentUrl":"https:\/\/newfast.soporteserver.com\/wp-content\/uploads\/2025\/10\/logo_fastpoint.webp","width":223,"height":223,"caption":"FastPoint Components"},"image":{"@id":"https:\/\/newfast.soporteserver.com\/#\/schema\/logo\/image\/"}}]}},"_links":{"self":[{"href":"https:\/\/newfast.soporteserver.com\/index.php?rest_route=\/wp\/v2\/product\/123492","targetHints":{"allow":["GET"]}}],"collection":[{"href":"https:\/\/newfast.soporteserver.com\/index.php?rest_route=\/wp\/v2\/product"}],"about":[{"href":"https:\/\/newfast.soporteserver.com\/index.php?rest_route=\/wp\/v2\/types\/product"}],"replies":[{"embeddable":true,"href":"https:\/\/newfast.soporteserver.com\/index.php?rest_route=%2Fwp%2Fv2%2Fcomments&post=123492"}],"wp:featuredmedia":[{"embeddable":true,"href":"https:\/\/newfast.soporteserver.com\/index.php?rest_route=\/wp\/v2\/media\/71750"}],"wp:attachment":[{"href":"https:\/\/newfast.soporteserver.com\/index.php?rest_route=%2Fwp%2Fv2%2Fmedia&parent=123492"}],"wp:term":[{"taxonomy":"product_brand","embeddable":true,"href":"https:\/\/newfast.soporteserver.com\/index.php?rest_route=%2Fwp%2Fv2%2Fproduct_brand&post=123492"},{"taxonomy":"product_cat","embeddable":true,"href":"https:\/\/newfast.soporteserver.com\/index.php?rest_route=%2Fwp%2Fv2%2Fproduct_cat&post=123492"},{"taxonomy":"product_tag","embeddable":true,"href":"https:\/\/newfast.soporteserver.com\/index.php?rest_route=%2Fwp%2Fv2%2Fproduct_tag&post=123492"}],"curies":[{"name":"wp","href":"https:\/\/api.w.org\/{rel}","templated":true}]}}