{"id":111756,"date":"2018-01-15T14:56:12","date_gmt":"2018-01-15T13:56:12","guid":{"rendered":"https:\/\/oldfastpointweb.soporteserver.com\/prodotto\/separadores-cilindricos\/"},"modified":"2021-01-13T13:39:08","modified_gmt":"2021-01-13T12:39:08","slug":"separadores-cilindricos-o-70-m4","status":"publish","type":"product","link":"https:\/\/newfast.soporteserver.com\/?product=separadores-cilindricos-o-70-m4","title":{"rendered":"Separador cil\u00edndrico \u00d8 7,0 \/ M4"},"content":{"rendered":"<p>Estos separadores cil\u00edndricos de di\u00e1metro exterior de \u00d8 7,0 mm, disponen en su interior un sistema dentado preparado para M4, que facilita el pre-montaje. Modelo anti-lost.<\/p>\n<p>Disponibles en alturas de 1.5mm, y de 2.0 mm hasta los 30.0 mm en incrementos de 1.0 mm<\/p>\n","protected":false},"excerpt":{"rendered":"<p>Estos separadores cil\u00edndricos de di\u00e1metro exterior de \u00d8 7,0 mm, disponen en su interior un sistema dentado preparado para M4, que facilita el pre-montaje. Modelo anti-lost. Disponibles en alturas de 1.5mm, y de 2.0 mm hasta los 30.0 mm en incrementos de 1.0 mm<\/p>\n","protected":false},"featured_media":71762,"comment_status":"closed","ping_status":"closed","template":"","meta":[],"product_brand":[],"product_cat":[3977],"product_tag":[],"class_list":{"0":"post-111756","1":"product","2":"type-product","3":"status-publish","4":"has-post-thumbnail","6":"product_cat-separadores-cilindricos-rosca-metrica","8":"first","9":"instock","10":"product-type-grouped"},"yoast_head":"<!-- This site is optimized with the Yoast SEO Premium plugin v26.1 (Yoast SEO v26.8) - https:\/\/yoast.com\/product\/yoast-seo-premium-wordpress\/ -->\n<title>Separador cil\u00edndrico \u00d8 7,0 \/ M4 | Fastpoint Components<\/title>\n<meta name=\"robots\" content=\"index, follow, max-snippet:-1, max-image-preview:large, max-video-preview:-1\" \/>\n<link rel=\"canonical\" href=\"https:\/\/newfast.soporteserver.com\/?product=separadores-cilindricos-o-70-m4\" \/>\n<meta property=\"og:locale\" content=\"es_ES\" \/>\n<meta property=\"og:type\" content=\"article\" \/>\n<meta property=\"og:title\" content=\"Separador cil\u00edndrico \u00d8 7,0 \/ M4\" \/>\n<meta property=\"og:description\" content=\"Estos separadores cil\u00edndricos de di\u00e1metro exterior de \u00d8 7,0 mm, disponen en su interior un sistema dentado preparado para M4, que facilita el pre-montaje. Modelo anti-lost. Disponibles en alturas de 1.5mm, y de 2.0 mm hasta los 30.0 mm en incrementos de 1.0 mm\" \/>\n<meta property=\"og:url\" content=\"https:\/\/newfast.soporteserver.com\/?product=separadores-cilindricos-o-70-m4\" \/>\n<meta property=\"og:site_name\" content=\"Fastpoint Components\" \/>\n<meta property=\"article:modified_time\" content=\"2021-01-13T12:39:08+00:00\" \/>\n<meta property=\"og:image\" content=\"https:\/\/newfast.soporteserver.com\/wp-content\/uploads\/2025\/10\/logo_fastpoint.webp\" \/>\n\t<meta property=\"og:image:width\" content=\"223\" \/>\n\t<meta property=\"og:image:height\" content=\"223\" \/>\n\t<meta property=\"og:image:type\" content=\"image\/webp\" \/>\n<meta name=\"twitter:card\" content=\"summary_large_image\" \/>\n<script type=\"application\/ld+json\" class=\"yoast-schema-graph\">{\"@context\":\"https:\/\/schema.org\",\"@graph\":[{\"@type\":\"WebPage\",\"@id\":\"https:\/\/newfast.soporteserver.com\/?product=separadores-cilindricos-o-70-m4\",\"url\":\"https:\/\/newfast.soporteserver.com\/?product=separadores-cilindricos-o-70-m4\",\"name\":\"Separador cil\u00edndrico \u00d8 7,0 \/ M4 | Fastpoint Components\",\"isPartOf\":{\"@id\":\"https:\/\/newfast.soporteserver.com\/#website\"},\"primaryImageOfPage\":{\"@id\":\"https:\/\/newfast.soporteserver.com\/?product=separadores-cilindricos-o-70-m4#primaryimage\"},\"image\":{\"@id\":\"https:\/\/newfast.soporteserver.com\/?product=separadores-cilindricos-o-70-m4#primaryimage\"},\"thumbnailUrl\":\"\",\"datePublished\":\"2018-01-15T13:56:12+00:00\",\"dateModified\":\"2021-01-13T12:39:08+00:00\",\"breadcrumb\":{\"@id\":\"https:\/\/newfast.soporteserver.com\/?product=separadores-cilindricos-o-70-m4#breadcrumb\"},\"inLanguage\":\"es\",\"potentialAction\":[{\"@type\":\"ReadAction\",\"target\":[\"https:\/\/newfast.soporteserver.com\/?product=separadores-cilindricos-o-70-m4\"]}]},{\"@type\":\"ImageObject\",\"inLanguage\":\"es\",\"@id\":\"https:\/\/newfast.soporteserver.com\/?product=separadores-cilindricos-o-70-m4#primaryimage\",\"url\":\"\",\"contentUrl\":\"\"},{\"@type\":\"BreadcrumbList\",\"@id\":\"https:\/\/newfast.soporteserver.com\/?product=separadores-cilindricos-o-70-m4#breadcrumb\",\"itemListElement\":[{\"@type\":\"ListItem\",\"position\":1,\"name\":\"Portada\",\"item\":\"https:\/\/newfast.soporteserver.com\/\"},{\"@type\":\"ListItem\",\"position\":2,\"name\":\"Cat\u00e1logo\",\"item\":\"https:\/\/newfast.soporteserver.com\/?page_id=6\"},{\"@type\":\"ListItem\",\"position\":3,\"name\":\"Separador cil\u00edndrico \u00d8 7,0 \/ M4\"}]},{\"@type\":\"WebSite\",\"@id\":\"https:\/\/newfast.soporteserver.com\/#website\",\"url\":\"https:\/\/newfast.soporteserver.com\/\",\"name\":\"Fastpoint Components\",\"description\":\"Fijaci\u00f3n y sujeci\u00f3n Industrial\",\"publisher\":{\"@id\":\"https:\/\/newfast.soporteserver.com\/#organization\"},\"alternateName\":\"Fijaci\u00f3n y sujeci\u00f3n Industrial\",\"potentialAction\":[{\"@type\":\"SearchAction\",\"target\":{\"@type\":\"EntryPoint\",\"urlTemplate\":\"https:\/\/newfast.soporteserver.com\/?s={search_term_string}\"},\"query-input\":{\"@type\":\"PropertyValueSpecification\",\"valueRequired\":true,\"valueName\":\"search_term_string\"}}],\"inLanguage\":\"es\"},{\"@type\":\"Organization\",\"@id\":\"https:\/\/newfast.soporteserver.com\/#organization\",\"name\":\"FastPoint Components\",\"alternateName\":\"Fijaci\u00f3n y sujeci\u00f3n industrial\",\"url\":\"https:\/\/newfast.soporteserver.com\/\",\"logo\":{\"@type\":\"ImageObject\",\"inLanguage\":\"es\",\"@id\":\"https:\/\/newfast.soporteserver.com\/#\/schema\/logo\/image\/\",\"url\":\"https:\/\/newfast.soporteserver.com\/wp-content\/uploads\/2025\/10\/logo_fastpoint.webp\",\"contentUrl\":\"https:\/\/newfast.soporteserver.com\/wp-content\/uploads\/2025\/10\/logo_fastpoint.webp\",\"width\":223,\"height\":223,\"caption\":\"FastPoint Components\"},\"image\":{\"@id\":\"https:\/\/newfast.soporteserver.com\/#\/schema\/logo\/image\/\"}}]}<\/script>\n<!-- \/ Yoast SEO Premium plugin. -->","yoast_head_json":{"title":"Separador cil\u00edndrico \u00d8 7,0 \/ M4 | Fastpoint Components","robots":{"index":"index","follow":"follow","max-snippet":"max-snippet:-1","max-image-preview":"max-image-preview:large","max-video-preview":"max-video-preview:-1"},"canonical":"https:\/\/newfast.soporteserver.com\/?product=separadores-cilindricos-o-70-m4","og_locale":"es_ES","og_type":"article","og_title":"Separador cil\u00edndrico \u00d8 7,0 \/ M4","og_description":"Estos separadores cil\u00edndricos de di\u00e1metro exterior de \u00d8 7,0 mm, disponen en su interior un sistema dentado preparado para M4, que facilita el pre-montaje. Modelo anti-lost. Disponibles en alturas de 1.5mm, y de 2.0 mm hasta los 30.0 mm en incrementos de 1.0 mm","og_url":"https:\/\/newfast.soporteserver.com\/?product=separadores-cilindricos-o-70-m4","og_site_name":"Fastpoint Components","article_modified_time":"2021-01-13T12:39:08+00:00","og_image":[{"width":223,"height":223,"url":"https:\/\/newfast.soporteserver.com\/wp-content\/uploads\/2025\/10\/logo_fastpoint.webp","type":"image\/webp"}],"twitter_card":"summary_large_image","schema":{"@context":"https:\/\/schema.org","@graph":[{"@type":"WebPage","@id":"https:\/\/newfast.soporteserver.com\/?product=separadores-cilindricos-o-70-m4","url":"https:\/\/newfast.soporteserver.com\/?product=separadores-cilindricos-o-70-m4","name":"Separador cil\u00edndrico \u00d8 7,0 \/ M4 | Fastpoint Components","isPartOf":{"@id":"https:\/\/newfast.soporteserver.com\/#website"},"primaryImageOfPage":{"@id":"https:\/\/newfast.soporteserver.com\/?product=separadores-cilindricos-o-70-m4#primaryimage"},"image":{"@id":"https:\/\/newfast.soporteserver.com\/?product=separadores-cilindricos-o-70-m4#primaryimage"},"thumbnailUrl":"","datePublished":"2018-01-15T13:56:12+00:00","dateModified":"2021-01-13T12:39:08+00:00","breadcrumb":{"@id":"https:\/\/newfast.soporteserver.com\/?product=separadores-cilindricos-o-70-m4#breadcrumb"},"inLanguage":"es","potentialAction":[{"@type":"ReadAction","target":["https:\/\/newfast.soporteserver.com\/?product=separadores-cilindricos-o-70-m4"]}]},{"@type":"ImageObject","inLanguage":"es","@id":"https:\/\/newfast.soporteserver.com\/?product=separadores-cilindricos-o-70-m4#primaryimage","url":"","contentUrl":""},{"@type":"BreadcrumbList","@id":"https:\/\/newfast.soporteserver.com\/?product=separadores-cilindricos-o-70-m4#breadcrumb","itemListElement":[{"@type":"ListItem","position":1,"name":"Portada","item":"https:\/\/newfast.soporteserver.com\/"},{"@type":"ListItem","position":2,"name":"Cat\u00e1logo","item":"https:\/\/newfast.soporteserver.com\/?page_id=6"},{"@type":"ListItem","position":3,"name":"Separador cil\u00edndrico \u00d8 7,0 \/ M4"}]},{"@type":"WebSite","@id":"https:\/\/newfast.soporteserver.com\/#website","url":"https:\/\/newfast.soporteserver.com\/","name":"Fastpoint Components","description":"Fijaci\u00f3n y sujeci\u00f3n Industrial","publisher":{"@id":"https:\/\/newfast.soporteserver.com\/#organization"},"alternateName":"Fijaci\u00f3n y sujeci\u00f3n Industrial","potentialAction":[{"@type":"SearchAction","target":{"@type":"EntryPoint","urlTemplate":"https:\/\/newfast.soporteserver.com\/?s={search_term_string}"},"query-input":{"@type":"PropertyValueSpecification","valueRequired":true,"valueName":"search_term_string"}}],"inLanguage":"es"},{"@type":"Organization","@id":"https:\/\/newfast.soporteserver.com\/#organization","name":"FastPoint Components","alternateName":"Fijaci\u00f3n y sujeci\u00f3n industrial","url":"https:\/\/newfast.soporteserver.com\/","logo":{"@type":"ImageObject","inLanguage":"es","@id":"https:\/\/newfast.soporteserver.com\/#\/schema\/logo\/image\/","url":"https:\/\/newfast.soporteserver.com\/wp-content\/uploads\/2025\/10\/logo_fastpoint.webp","contentUrl":"https:\/\/newfast.soporteserver.com\/wp-content\/uploads\/2025\/10\/logo_fastpoint.webp","width":223,"height":223,"caption":"FastPoint Components"},"image":{"@id":"https:\/\/newfast.soporteserver.com\/#\/schema\/logo\/image\/"}}]}},"_links":{"self":[{"href":"https:\/\/newfast.soporteserver.com\/index.php?rest_route=\/wp\/v2\/product\/111756","targetHints":{"allow":["GET"]}}],"collection":[{"href":"https:\/\/newfast.soporteserver.com\/index.php?rest_route=\/wp\/v2\/product"}],"about":[{"href":"https:\/\/newfast.soporteserver.com\/index.php?rest_route=\/wp\/v2\/types\/product"}],"replies":[{"embeddable":true,"href":"https:\/\/newfast.soporteserver.com\/index.php?rest_route=%2Fwp%2Fv2%2Fcomments&post=111756"}],"wp:featuredmedia":[{"embeddable":true,"href":"https:\/\/newfast.soporteserver.com\/index.php?rest_route=\/wp\/v2\/product\/71762"}],"wp:attachment":[{"href":"https:\/\/newfast.soporteserver.com\/index.php?rest_route=%2Fwp%2Fv2%2Fmedia&parent=111756"}],"wp:term":[{"taxonomy":"product_brand","embeddable":true,"href":"https:\/\/newfast.soporteserver.com\/index.php?rest_route=%2Fwp%2Fv2%2Fproduct_brand&post=111756"},{"taxonomy":"product_cat","embeddable":true,"href":"https:\/\/newfast.soporteserver.com\/index.php?rest_route=%2Fwp%2Fv2%2Fproduct_cat&post=111756"},{"taxonomy":"product_tag","embeddable":true,"href":"https:\/\/newfast.soporteserver.com\/index.php?rest_route=%2Fwp%2Fv2%2Fproduct_tag&post=111756"}],"curies":[{"name":"wp","href":"https:\/\/api.w.org\/{rel}","templated":true}]}}